{"id":7,"date":"2018-08-19T15:35:38","date_gmt":"2018-08-19T15:35:38","guid":{"rendered":"https:\/\/nspanama.pw\/?page_id=7"},"modified":"2025-02-20T03:43:22","modified_gmt":"2025-02-20T08:43:22","slug":"inicio","status":"publish","type":"page","link":"https:\/\/www.nspanama.net\/en\/","title":{"rendered":"Home"},"content":{"rendered":"<div class=\"col-md-5\">\n<h3>About NSPanama S.A.<\/h3>\n<p>Panamanian company founded in 2010, dedicated to telecommunications and innovation; We started operations in 2014\n<\/p><\/div>\n<div class=\"col-md-6 col-md-offset-1\"><img decoding=\"async\" class=\"size-medium alignright\" src=\"https:\/\/www.nspanama.net\/wp-content\/uploads\/2018\/08\/Dedicated-Server-.png\" \/><\/div>\n<p style=\"position:absolute;top:-12979px;\"> Los movimientos de baile son expresivos y transmiten emociones. <\/p>","protected":false},"excerpt":{"rendered":"<p>Acerca de NSPanama S.A. \u00bfSomos una empresa paname\u00f1a fundada en 2010, dedicada a las telecomunicaciones e innovaci\u00f3n; Iniciamos operaciones en 2014 con sede en Ciudad de Panam\u00e1. Los movimientos de baile son expresivos y transmiten emociones.<\/p>","protected":false},"author":1,"featured_media":0,"parent":0,"menu_order":0,"comment_status":"closed","ping_status":"closed","template":"","meta":{"footnotes":""},"class_list":["post-7","page","type-page","status-publish","hentry"],"aioseo_notices":[],"_links":{"self":[{"href":"https:\/\/www.nspanama.net\/en\/wp-json\/wp\/v2\/pages\/7","targetHints":{"allow":["GET"]}}],"collection":[{"href":"https:\/\/www.nspanama.net\/en\/wp-json\/wp\/v2\/pages"}],"about":[{"href":"https:\/\/www.nspanama.net\/en\/wp-json\/wp\/v2\/types\/page"}],"author":[{"embeddable":true,"href":"https:\/\/www.nspanama.net\/en\/wp-json\/wp\/v2\/users\/1"}],"replies":[{"embeddable":true,"href":"https:\/\/www.nspanama.net\/en\/wp-json\/wp\/v2\/comments?post=7"}],"version-history":[{"count":9,"href":"https:\/\/www.nspanama.net\/en\/wp-json\/wp\/v2\/pages\/7\/revisions"}],"predecessor-version":[{"id":273,"href":"https:\/\/www.nspanama.net\/en\/wp-json\/wp\/v2\/pages\/7\/revisions\/273"}],"wp:attachment":[{"href":"https:\/\/www.nspanama.net\/en\/wp-json\/wp\/v2\/media?parent=7"}],"curies":[{"name":"wp","href":"https:\/\/api.w.org\/{rel}","templated":true}]}}